{"id":10413,"date":"2022-04-01T16:44:04","date_gmt":"2022-04-01T16:44:04","guid":{"rendered":"https:\/\/amt-bojarinow.de\/?page_id=10413"},"modified":"2022-04-03T08:04:02","modified_gmt":"2022-04-03T08:04:02","slug":"vermietung","status":"publish","type":"page","link":"https:\/\/bojarinow.de\/?page_id=10413","title":{"rendered":"Vermietung"},"content":{"rendered":"<div class=\"wpb-content-wrapper\"><p>[vc_row css=&#8220;.vc_custom_1648832048106{padding-bottom: 50px !important;}&#8220;][vc_column][vc_column_text]<\/p>\n<h2 style=\"text-align: center;\">Jetboot-Vermietung &#8211; ab 01. Juni 2022<\/h2>\n<p style=\"text-align: center;\">Mit diesem Jetboot steigen Sie in die Champions-League der Wassermotorr\u00e4der auf! Dieser Wasserscooter verf\u00fcgt \u00fcber einen leistungsstarken Rotax-Motor mit Turbolader und 169 kW (230 PS). Au\u00dferdem sind das exklusive LinQ-Schnellbefestigungssystem f\u00fcr Gep\u00e4ck und das 100 W-Bluetooth-Audiosystem enthalten.<\/p>\n<p>[\/vc_column_text][\/vc_column][\/vc_row][vc_row][vc_column width=&#8220;1\/3&#8243;]<div class=\"woocommerce \"><ul class=\"products columns-3\">\n<li class=\"product type-product post-10365 status-publish first instock product_cat-jetski has-post-thumbnail taxable shipping-taxable purchasable product-type-redq_rental\">\n\t<a href=\"https:\/\/bojarinow.de\/?product=seadoo-gtr-230\" class=\"woocommerce-LoopProduct-link woocommerce-loop-product__link\"><img loading=\"lazy\" decoding=\"async\" width=\"300\" height=\"300\" src=\"https:\/\/bojarinow.de\/wp-content\/uploads\/2017\/11\/2022_GTR-230-Millenium-Yellow_1280x1280-300x300.jpg\" class=\"attachment-woocommerce_thumbnail size-woocommerce_thumbnail\" alt=\"SeaDoo GTR 230 #1\" srcset=\"https:\/\/bojarinow.de\/wp-content\/uploads\/2017\/11\/2022_GTR-230-Millenium-Yellow_1280x1280-300x300.jpg 300w, https:\/\/bojarinow.de\/wp-content\/uploads\/2017\/11\/2022_GTR-230-Millenium-Yellow_1280x1280-150x150.jpg 150w, https:\/\/bojarinow.de\/wp-content\/uploads\/2017\/11\/2022_GTR-230-Millenium-Yellow_1280x1280-50x50.jpg 50w, https:\/\/bojarinow.de\/wp-content\/uploads\/2017\/11\/2022_GTR-230-Millenium-Yellow_1280x1280-250x250.jpg 250w, https:\/\/bojarinow.de\/wp-content\/uploads\/2017\/11\/2022_GTR-230-Millenium-Yellow_1280x1280-100x100.jpg 100w\" sizes=\"auto, (max-width: 300px) 100vw, 300px\" \/><h2 class=\"woocommerce-loop-product__title\">SeaDoo GTR 230 #1<\/h2>\n\t<span class=\"price\"><span class=\"amount rnb_price_unit_10365\"> Von&nbsp;<span class=\"woocommerce-Price-amount amount\"><bdi>99,00&nbsp;<span class=\"woocommerce-Price-currencySymbol\">&euro;<\/span><\/bdi><\/span> - <span class=\"woocommerce-Price-amount amount\"><bdi>349,00&nbsp;<span class=\"woocommerce-Price-currencySymbol\">&euro;<\/span><\/bdi><\/span>&nbsp;\/Tag<\/span><\/span>\n\n\n<\/a>\n\t<p class=\"wc-gzd-additional-info wc-gzd-additional-info-loop tax-info\">inkl. 19 % MwSt.<\/p>\n\n\n\n<a href=\"https:\/\/bojarinow.de\/?product=seadoo-gtr-230\" aria-describedby=\"woocommerce_loop_add_to_cart_link_describedby_10365\" data-quantity=\"1\" class=\"button product_type_redq_rental add_to_cart_button\" data-product_id=\"10365\" data-product_sku=\"\" aria-label=\"Lese mehr \u00fcber &#8222;SeaDoo GTR 230 #1&#8220;\" rel=\"nofollow\">Weiterlesen<\/a>\t<span id=\"woocommerce_loop_add_to_cart_link_describedby_10365\" class=\"screen-reader-text\">\n\t\t\t<\/span>\n<\/li>\n<\/ul>\n<\/div>[\/vc_column][vc_column width=&#8220;1\/3&#8243;]<div class=\"woocommerce \"><ul class=\"products columns-3\">\n<li class=\"product type-product post-10414 status-publish first instock product_cat-jetski has-post-thumbnail taxable shipping-taxable purchasable product-type-redq_rental\">\n\t<a href=\"https:\/\/bojarinow.de\/?product=seadoo-gtr-230-2\" class=\"woocommerce-LoopProduct-link woocommerce-loop-product__link\"><img loading=\"lazy\" decoding=\"async\" width=\"300\" height=\"300\" src=\"https:\/\/bojarinow.de\/wp-content\/uploads\/2017\/11\/2022_GTR-230-Millenium-Yellow_1280x1280-300x300.jpg\" class=\"attachment-woocommerce_thumbnail size-woocommerce_thumbnail\" alt=\"SeaDoo GTR 230 #2\" srcset=\"https:\/\/bojarinow.de\/wp-content\/uploads\/2017\/11\/2022_GTR-230-Millenium-Yellow_1280x1280-300x300.jpg 300w, https:\/\/bojarinow.de\/wp-content\/uploads\/2017\/11\/2022_GTR-230-Millenium-Yellow_1280x1280-150x150.jpg 150w, https:\/\/bojarinow.de\/wp-content\/uploads\/2017\/11\/2022_GTR-230-Millenium-Yellow_1280x1280-50x50.jpg 50w, https:\/\/bojarinow.de\/wp-content\/uploads\/2017\/11\/2022_GTR-230-Millenium-Yellow_1280x1280-250x250.jpg 250w, https:\/\/bojarinow.de\/wp-content\/uploads\/2017\/11\/2022_GTR-230-Millenium-Yellow_1280x1280-100x100.jpg 100w\" sizes=\"auto, (max-width: 300px) 100vw, 300px\" \/><h2 class=\"woocommerce-loop-product__title\">SeaDoo GTR 230 #2<\/h2>\n\t<span class=\"price\"><span class=\"amount rnb_price_unit_10414\"> Von&nbsp;<span class=\"woocommerce-Price-amount amount\"><bdi>99,00&nbsp;<span class=\"woocommerce-Price-currencySymbol\">&euro;<\/span><\/bdi><\/span> - <span class=\"woocommerce-Price-amount amount\"><bdi>349,00&nbsp;<span class=\"woocommerce-Price-currencySymbol\">&euro;<\/span><\/bdi><\/span>&nbsp;Einzelpreis<\/span><\/span>\n\n\n<\/a>\n\t<p class=\"wc-gzd-additional-info wc-gzd-additional-info-loop tax-info\">inkl. 19 % MwSt.<\/p>\n\n\n\n<a href=\"https:\/\/bojarinow.de\/?product=seadoo-gtr-230-2\" aria-describedby=\"woocommerce_loop_add_to_cart_link_describedby_10414\" data-quantity=\"1\" class=\"button product_type_redq_rental add_to_cart_button\" data-product_id=\"10414\" data-product_sku=\"\" aria-label=\"Lese mehr \u00fcber &#8222;SeaDoo GTR 230 #2&#8220;\" rel=\"nofollow\">Weiterlesen<\/a>\t<span id=\"woocommerce_loop_add_to_cart_link_describedby_10414\" class=\"screen-reader-text\">\n\t\t\t<\/span>\n<\/li>\n<\/ul>\n<\/div>[\/vc_column][vc_column width=&#8220;1\/3&#8243;]<div class=\"woocommerce \"><ul class=\"products columns-3\">\n<li class=\"product type-product post-10416 status-publish first instock product_cat-jetski has-post-thumbnail taxable shipping-taxable purchasable product-type-redq_rental\">\n\t<a href=\"https:\/\/bojarinow.de\/?product=seadoo-gtr-230-3\" class=\"woocommerce-LoopProduct-link woocommerce-loop-product__link\"><img loading=\"lazy\" decoding=\"async\" width=\"300\" height=\"300\" src=\"https:\/\/bojarinow.de\/wp-content\/uploads\/2017\/11\/2022_GTR-230-Millenium-Yellow_1280x1280-300x300.jpg\" class=\"attachment-woocommerce_thumbnail size-woocommerce_thumbnail\" alt=\"SeaDoo GTR 230 #3\" srcset=\"https:\/\/bojarinow.de\/wp-content\/uploads\/2017\/11\/2022_GTR-230-Millenium-Yellow_1280x1280-300x300.jpg 300w, https:\/\/bojarinow.de\/wp-content\/uploads\/2017\/11\/2022_GTR-230-Millenium-Yellow_1280x1280-150x150.jpg 150w, https:\/\/bojarinow.de\/wp-content\/uploads\/2017\/11\/2022_GTR-230-Millenium-Yellow_1280x1280-50x50.jpg 50w, https:\/\/bojarinow.de\/wp-content\/uploads\/2017\/11\/2022_GTR-230-Millenium-Yellow_1280x1280-250x250.jpg 250w, https:\/\/bojarinow.de\/wp-content\/uploads\/2017\/11\/2022_GTR-230-Millenium-Yellow_1280x1280-100x100.jpg 100w\" sizes=\"auto, (max-width: 300px) 100vw, 300px\" \/><h2 class=\"woocommerce-loop-product__title\">SeaDoo GTR 230 #3<\/h2>\n\t<span class=\"price\"><span class=\"amount rnb_price_unit_10416\"> Von&nbsp;<span class=\"woocommerce-Price-amount amount\"><bdi>99,00&nbsp;<span class=\"woocommerce-Price-currencySymbol\">&euro;<\/span><\/bdi><\/span> - <span class=\"woocommerce-Price-amount amount\"><bdi>349,00&nbsp;<span class=\"woocommerce-Price-currencySymbol\">&euro;<\/span><\/bdi><\/span>&nbsp;Einzelpreis<\/span><\/span>\n\n\n<\/a>\n\t<p class=\"wc-gzd-additional-info wc-gzd-additional-info-loop tax-info\">inkl. 19 % MwSt.<\/p>\n\n\n\n<a href=\"https:\/\/bojarinow.de\/?product=seadoo-gtr-230-3\" aria-describedby=\"woocommerce_loop_add_to_cart_link_describedby_10416\" data-quantity=\"1\" class=\"button product_type_redq_rental add_to_cart_button\" data-product_id=\"10416\" data-product_sku=\"\" aria-label=\"Lese mehr \u00fcber &#8222;SeaDoo GTR 230 #3&#8220;\" rel=\"nofollow\">Weiterlesen<\/a>\t<span id=\"woocommerce_loop_add_to_cart_link_describedby_10416\" class=\"screen-reader-text\">\n\t\t\t<\/span>\n<\/li>\n<\/ul>\n<\/div>[\/vc_column][\/vc_row]<\/p>\n<\/div>","protected":false},"excerpt":{"rendered":"<p>[vc_row css=&#8220;.vc_custom_1648832048106{padding-bottom: 50px !important;}&#8220;][vc_column][vc_column_text] Jetboot-Vermietung &#8211; ab 01. Juni 2022 Mit diesem Jetboot steigen Sie in die Champions-League&#8230;<\/p>\n","protected":false},"author":1,"featured_media":0,"parent":0,"menu_order":0,"comment_status":"closed","ping_status":"closed","template":"","meta":{"footnotes":""},"class_list":["post-10413","page","type-page","status-publish","hentry"],"_links":{"self":[{"href":"https:\/\/bojarinow.de\/index.php?rest_route=\/wp\/v2\/pages\/10413","targetHints":{"allow":["GET"]}}],"collection":[{"href":"https:\/\/bojarinow.de\/index.php?rest_route=\/wp\/v2\/pages"}],"about":[{"href":"https:\/\/bojarinow.de\/index.php?rest_route=\/wp\/v2\/types\/page"}],"author":[{"embeddable":true,"href":"https:\/\/bojarinow.de\/index.php?rest_route=\/wp\/v2\/users\/1"}],"replies":[{"embeddable":true,"href":"https:\/\/bojarinow.de\/index.php?rest_route=%2Fwp%2Fv2%2Fcomments&post=10413"}],"version-history":[{"count":16,"href":"https:\/\/bojarinow.de\/index.php?rest_route=\/wp\/v2\/pages\/10413\/revisions"}],"predecessor-version":[{"id":10456,"href":"https:\/\/bojarinow.de\/index.php?rest_route=\/wp\/v2\/pages\/10413\/revisions\/10456"}],"wp:attachment":[{"href":"https:\/\/bojarinow.de\/index.php?rest_route=%2Fwp%2Fv2%2Fmedia&parent=10413"}],"curies":[{"name":"wp","href":"https:\/\/api.w.org\/{rel}","templated":true}]}}