{"id":38,"date":"2016-07-20T07:55:53","date_gmt":"2016-07-20T07:55:53","guid":{"rendered":"http:\/\/autoservice.notoriousthemes.com\/demo1\/?page_id=10"},"modified":"2023-03-29T07:37:37","modified_gmt":"2023-03-29T07:37:37","slug":"leistungen","status":"publish","type":"page","link":"https:\/\/bojarinow.de\/?page_id=38","title":{"rendered":"Leistungen"},"content":{"rendered":"<div class=\"wpb-content-wrapper\"><p>[vc_row][vc_column][autoservice_custom_heading heading=&#8220;Leistungs\u00fcbersicht&#8220; heading_color=&#8220;&#8220; position=&#8220;left&#8220;][\/vc_column][\/vc_row][vc_row][vc_column width=&#8220;1\/2&#8243;][vc_column_text]<strong>KFZ-Technik<\/strong><\/p>\n<p>In unserer Werkstatt werden s\u00e4mtliche Arbeiten am Auto ausgef\u00fchrt, vom Oldtimer bis zum Neuwagen und vom PKW \u00fcber Transporter bis hin zum LKW.<\/p>\n<ul>\n<li>HU\/Abgasuntersuchung durch die DEKRA<\/li>\n<li>Reifen- und Bremsenservice<\/li>\n<li>Reparaturen\/Wartung<\/li>\n<li>Unfallinstandsetzung<\/li>\n<li>Arbeiten an der Elektrik und Elektronik<\/li>\n<li>Achsvermessung<\/li>\n<li>Bremsentest<\/li>\n<li>Klimaservice und Reinigung der Klimaanlage<\/li>\n<li>\u00d6lwechsel<\/li>\n<li>Aufbereitung<\/li>\n<\/ul>\n<p>[\/vc_column_text][\/vc_column][vc_column width=&#8220;1\/2&#8243;][vc_column_text]<strong>Motorradtechnik<\/strong><\/p>\n<p>Wir bieten Wartungs- und Reparaturarbeiten aller Zweiradmarken an.\u00a0 Abgasuntersuchungen, T\u00dcV-Abnahme durch die DEKRA, Vergaser \u2013 Ultraschallreinigung, Unfallreparaturen geh\u00f6ren zu unserem t\u00e4glichen Arbeitsablauf.\u00a0Gerne bessern wir auch die Fahrleistung Ihres Bikes auf, nat\u00fcrlich gesetzeskonform, schnell und kompetent.\u00a0Wir beraten Sie ebenfalls bei Neuanschaffung, Verkauf, Verbesserung Ihres Motorrads.<\/p>\n<ul>\n<li>Reparaturen\/Wartung<\/li>\n<li>Fehlerdiagnose s\u00e4mtlicher Modelle<\/li>\n<li>Reifenservice<\/li>\n<li>Arbeiten an der Elektrik und Elektronik<\/li>\n<li>Achsvermessung<\/li>\n<li>Bremsentest<\/li>\n<li>\u00d6lwechsel<\/li>\n<li>HU\/AU, SP durch die DEKRA<\/li>\n<\/ul>\n<p>[\/vc_column_text][\/vc_column][\/vc_row][vc_row css=&#8220;.vc_custom_1485495489067{margin-top: 80px !important;margin-bottom: 20px !important;}&#8220;][vc_column][autoservice_services_grid services_grid_number=&#8220;-1&#8243; services_grid_layout=&#8220;col-sm-4 col-xs-12&#8243;][\/vc_column][\/vc_row]<\/p>\n<\/div>","protected":false},"excerpt":{"rendered":"<p>[vc_row][vc_column][autoservice_custom_heading heading=&#8220;Leistungs\u00fcbersicht&#8220; heading_color=&#8220;&#8220; position=&#8220;left&#8220;][\/vc_column][\/vc_row][vc_row][vc_column width=&#8220;1\/2&#8243;][vc_column_text]KFZ-Technik In unserer Werkstatt werden s\u00e4mtliche Arbeiten am Auto ausgef\u00fchrt, vom Oldtimer bis zum&#8230;<\/p>\n","protected":false},"author":1,"featured_media":0,"parent":0,"menu_order":0,"comment_status":"closed","ping_status":"closed","template":"","meta":{"footnotes":""},"class_list":["post-38","page","type-page","status-publish","hentry"],"_links":{"self":[{"href":"https:\/\/bojarinow.de\/index.php?rest_route=\/wp\/v2\/pages\/38","targetHints":{"allow":["GET"]}}],"collection":[{"href":"https:\/\/bojarinow.de\/index.php?rest_route=\/wp\/v2\/pages"}],"about":[{"href":"https:\/\/bojarinow.de\/index.php?rest_route=\/wp\/v2\/types\/page"}],"author":[{"embeddable":true,"href":"https:\/\/bojarinow.de\/index.php?rest_route=\/wp\/v2\/users\/1"}],"replies":[{"embeddable":true,"href":"https:\/\/bojarinow.de\/index.php?rest_route=%2Fwp%2Fv2%2Fcomments&post=38"}],"version-history":[{"count":6,"href":"https:\/\/bojarinow.de\/index.php?rest_route=\/wp\/v2\/pages\/38\/revisions"}],"predecessor-version":[{"id":10493,"href":"https:\/\/bojarinow.de\/index.php?rest_route=\/wp\/v2\/pages\/38\/revisions\/10493"}],"wp:attachment":[{"href":"https:\/\/bojarinow.de\/index.php?rest_route=%2Fwp%2Fv2%2Fmedia&parent=38"}],"curies":[{"name":"wp","href":"https:\/\/api.w.org\/{rel}","templated":true}]}}