{"id":10365,"date":"2022-03-31T15:38:17","date_gmt":"2022-03-31T15:38:17","guid":{"rendered":"https:\/\/amt-bojarinow.de\/?post_type=product&#038;p=10365"},"modified":"2022-04-03T18:21:55","modified_gmt":"2022-04-03T18:21:55","slug":"seadoo-gtr-230","status":"publish","type":"product","link":"https:\/\/bojarinow.de\/?product=seadoo-gtr-230","title":{"rendered":"SeaDoo GTR 230 #1"},"content":{"rendered":"<p><strong>ERSCHWINGLICHE LEISTUNG UND KRAFT<\/strong><\/p>\n<p>Mit diesem Jetboot brauchen Sie nicht mehr ins Fitnessstudio zu gehen. Der im Paket enthaltene leistungsstarke aufgeladene Rotax-Motor mit 230 PS bietet das beste Preis-Qualit\u00e4ts-Verh\u00e4ltnis aller leistungsorientierten Jetboote.<\/p>\n<p><strong>MEHR LEISTUNG AUF DEM WASSER ROTAX 1500 HO ACE-MOTOR<\/strong><\/p>\n<p>Die neue Generation bew\u00e4hrter und leistungsstarker, aufgeladener Rotax-Motoren ist jetzt verf\u00fcgbar \u2013 ausgestattet mit ACE-Technologie (Advanced Combustion Efficiency). Dieser Motor ist f\u00fcr normalen Kraftstoff optimiert und \u00fcbertrifft seinen Vorg\u00e4nger in Sachen Schnelligkeit und Leistung \u2013 der Kraftstoffverbrauch bleibt jedoch gleich.<\/p>\n<p><strong> FEINABSTIMMUNG AUF KNOPFDRUCK LEISTUNGSSTARKES, VARIABLES TRIMMSYSTEM (VTS)<\/strong><\/p>\n<p>Schneller Zugriff auf das variable Trimmsystem (VTS) am Lenker zur Feineinstellung des Fahrverhaltens nach Fahrerpr\u00e4ferenz, Wasserbedingungen und Anzahl der Beifahrer.<\/p>\n","protected":false},"excerpt":{"rendered":"<p>Mit diesem Jetboot brauchen Sie nicht mehr ins Fitnessstudio zu gehen. Der im Paket enthaltene leistungsstarke aufgeladene Rotax-Motor mit 230 PS bietet das beste Preis-Qualit\u00e4ts-Verh\u00e4ltnis aller leistungsorientierten Jetboote.<\/p>\n<p><strong>Mietpreise<\/strong><\/p>\n<ul>\n<li>Vollkasko Versicherung 500,- \u20ac Selbstbeteiligung<\/li>\n<li>Kaution: 500,- Euro<\/li>\n<li>Trailer<\/li>\n<li>Benzin nach Bedarf (vollgetankt zur\u00fcck)<\/li>\n<li>Selbstabholung Bad Oldesloe mit eig. PKW + Anh\u00e4nger (inkl.)<\/li>\n<\/ul>\n<p><strong>Voraussetzungen: <\/strong><\/p>\n<ul>\n<li>Mindestalter 21 Jahre<\/li>\n<li>Sportbootf\u00fchrerschein + Auto mit AHK<\/li>\n<li>Abholung auf Trailer (Im Preis inklusive)<\/li>\n<\/ul>\n<p>&nbsp;<\/p>\n","protected":false},"featured_media":10343,"template":"","meta":[],"product_brand":[],"product_cat":[57],"product_tag":[],"class_list":{"0":"post-10365","1":"product","2":"type-product","3":"status-publish","4":"has-post-thumbnail","6":"product_cat-jetski","8":"first","9":"instock","10":"taxable","11":"shipping-taxable","12":"purchasable","13":"product-type-redq_rental"},"_links":{"self":[{"href":"https:\/\/bojarinow.de\/index.php?rest_route=\/wp\/v2\/product\/10365","targetHints":{"allow":["GET"]}}],"collection":[{"href":"https:\/\/bojarinow.de\/index.php?rest_route=\/wp\/v2\/product"}],"about":[{"href":"https:\/\/bojarinow.de\/index.php?rest_route=\/wp\/v2\/types\/product"}],"wp:featuredmedia":[{"embeddable":true,"href":"https:\/\/bojarinow.de\/index.php?rest_route=\/wp\/v2\/media\/10343"}],"wp:attachment":[{"href":"https:\/\/bojarinow.de\/index.php?rest_route=%2Fwp%2Fv2%2Fmedia&parent=10365"}],"wp:term":[{"taxonomy":"product_brand","embeddable":true,"href":"https:\/\/bojarinow.de\/index.php?rest_route=%2Fwp%2Fv2%2Fproduct_brand&post=10365"},{"taxonomy":"product_cat","embeddable":true,"href":"https:\/\/bojarinow.de\/index.php?rest_route=%2Fwp%2Fv2%2Fproduct_cat&post=10365"},{"taxonomy":"product_tag","embeddable":true,"href":"https:\/\/bojarinow.de\/index.php?rest_route=%2Fwp%2Fv2%2Fproduct_tag&post=10365"}],"curies":[{"name":"wp","href":"https:\/\/api.w.org\/{rel}","templated":true}]}}